{"id":18,"date":"2019-05-13T15:38:06","date_gmt":"2019-05-13T18:38:06","guid":{"rendered":"https:\/\/www.encontrasaopaulo.com.br\/agenda\/?page_id=11"},"modified":"2021-04-29T15:13:12","modified_gmt":"2021-04-29T18:13:12","slug":"sobre-macapa","status":"publish","type":"page","link":"https:\/\/www.encontramacapa.com\/agenda\/","title":{"rendered":"Sobre Macap\u00e1"},"content":{"rendered":"<p><br \/>\n<img decoding=\"async\" class=\"aligncenter\" src=\"https:\/\/feeds.feedburner.com\/encontramacapa.gif?w=2&amp;c=1&amp;bb=lgej\" alt=\"Encontra Macap\u00c3\u00a1\" \/><\/p>\n<h2>Limites \u2013 Cidades Vizinhas<\/h2>\n<p>Santana e Mazag\u00e3o<\/p>\n<h3>Dados Principais sobre a Cidade de Macap\u00e1<\/h3>\n<p><strong>Anivers\u00e1rio:<\/strong> 4 de fevereiro<br \/>\n<strong>Funda\u00e7\u00e3o:<\/strong> 1758<br \/>\n<strong>Gent\u00edlico:<\/strong> <em>Macapaense<\/em><br \/>\n<strong>\u00c1rea:<\/strong> 6.503,458 Km\u00b2<br \/>\n<strong>Popula\u00e7\u00e3o:<\/strong> 493 634 hab. (2018)<br \/>\n<strong>IDH:<\/strong> 0,733 \u2013 alto PNUD\/2010<\/p>\n<h2>V\u00eddeo sobre a cidade de Macap\u00e1<\/h2>\n<p><iframe loading=\"lazy\" src=\"https:\/\/www.youtube.com\/embed\/qTAQwtgYWUc\" width=\"100%\" height=\"409\" frameborder=\"0\" allowfullscreen=\"allowfullscreen\"><span data-mce-type=\"bookmark\" style=\"display: inline-block; width: 0px; overflow: hidden; line-height: 0;\" class=\"mce_SELRES_start\">\ufeff<\/span><\/iframe><\/p>\n<h2>Mapa da cidade de Macap\u00e1<\/h2>\n<p><iframe loading=\"lazy\" style=\"border: 0;\" src=\"https:\/\/www.google.com\/maps\/embed?pb=!1m18!1m12!1m3!1d255347.96695626897!2d-51.23695023920259!3d0.10211535162252999!2m3!1f0!2f0!3f0!3m2!1i1024!2i768!4f13.1!3m3!1m2!1s0x8d61e5e06b4b1a37%3A0x56357df330df0f97!2zTWFjYXDDoSwgQVA!5e0!3m2!1spt-BR!2sbr!4v1558527537025!5m2!1spt-BR!2sbr\" width=\"100%\" height=\"450\" frameborder=\"0\" allowfullscreen=\"allowfullscreen\"><span data-mce-type=\"bookmark\" style=\"display: inline-block; width: 0px; overflow: hidden; line-height: 0;\" class=\"mce_SELRES_start\">\ufeff<\/span><\/iframe><\/p>\n<h2>Hist\u00f3ria da cidade de Macap\u00e1<\/h2>\n<p><img decoding=\"async\" loading=\"lazy\" class=\"aligncenter size-full wp-image-5\" src=\"https:\/\/www.encontramacapa.com\/agenda\/wp-content\/uploads\/2019\/05\/cidade-de-macapa-ap.jpg\" alt=\"\" width=\"737\" height=\"258\" srcset=\"https:\/\/www.encontramacapa.com\/agenda\/wp-content\/uploads\/2019\/05\/cidade-de-macapa-ap.jpg 737w, https:\/\/www.encontramacapa.com\/agenda\/wp-content\/uploads\/2019\/05\/cidade-de-macapa-ap-300x105.jpg 300w\" sizes=\"(max-width: 737px) 100vw, 737px\" \/><\/p>\n<p>Macap\u00e1 \u00e9 um munic\u00edpio e capital do estado do Amap\u00e1, Regi\u00e3o Norte do pa\u00eds. Sua popula\u00e7\u00e3o estimada em 2018 era de 493 634 habitantes. Situa-se no sudeste do estado e \u00e9 a \u00fanica capital estadual brasileira que n\u00e3o possui interliga\u00e7\u00e3o por rodovia a outras capitais. Al\u00e9m disso, \u00e9 a \u00fanica cortada pela linha do Equador e que se localiza no litoral do rio Amazonas, distando 1 791 quil\u00f4metros de Bras\u00edlia.<\/p>\n<p>O munic\u00edpio det\u00e9m o 94\u00ba maior produto interno bruto da na\u00e7\u00e3o, com 8,9 bilh\u00f5es de reais e \u00e9 a quinta cidade mais rica do norte brasileiro, respondendo por 2,85% de todo o produto interno bruto (PIB) da regi\u00e3o. Na Amaz\u00f4nia, \u00e9 a terceira maior aglomera\u00e7\u00e3o urbana, com 3,5% da popula\u00e7\u00e3o de toda a Regi\u00e3o Norte do Brasil, reunindo em sua regi\u00e3o metropolitana quase 560 mil habitantes. Aproximadamente 60% da popula\u00e7\u00e3o do estado est\u00e1 na capital. Sua \u00e1rea \u00e9 de 6.407 km\u00b2 representando 4,4863 % do Estado, 0,1663 % da Regi\u00e3o e 0,0754 % de todo o territ\u00f3rio brasileiro.<\/p>\n<p>As estimativas de 2018 do Instituto Brasileiro de Geografia e Estat\u00edstica (IBGE) revelam que a popula\u00e7\u00e3o de Macap\u00e1 \u00e9 de 493 634 habitantes, sendo o 51\u00b0 munic\u00edpio mais populoso do Brasil e o quinto da Regi\u00e3o Norte.<\/p>\n\n<div style=\"font-size: 0px; height: 0px; line-height: 0px; margin: 0; padding: 0; clear: both;\"><\/div>","protected":false},"excerpt":{"rendered":"<p>Limites \u2013 Cidades Vizinhas Santana e Mazag\u00e3o Dados Principais sobre a Cidade de Macap\u00e1 Anivers\u00e1rio: 4 de fevereiro Funda\u00e7\u00e3o: 1758 Gent\u00edlico: Macapaense \u00c1rea: 6.503,458 Km\u00b2 Popula\u00e7\u00e3o: 493 634 hab. (2018) IDH: 0,733 \u2013 alto PNUD\/2010 V\u00eddeo sobre a cidade de Macap\u00e1 \ufeff Mapa da cidade de Macap\u00e1 \ufeff Hist\u00f3ria da cidade de Macap\u00e1 Macap\u00e1 \u00e9 um munic\u00edpio e capital do estado do Amap\u00e1, Regi\u00e3o Norte do pa\u00eds. Sua popula\u00e7\u00e3o estimada em 2018 era de 493 634 habitantes. Situa-se no sudeste do estado e \u00e9 a \u00fanica capital estadual brasileira que n\u00e3o possui interliga\u00e7\u00e3o por rodovia a outras capitais. Al\u00e9m disso, <\/p>\n","protected":false},"author":1,"featured_media":0,"parent":0,"menu_order":0,"comment_status":"closed","ping_status":"closed","template":"","meta":{"footnotes":""},"yoast_head":"<!-- This site is optimized with the Yoast SEO plugin v21.3 - https:\/\/yoast.com\/wordpress\/plugins\/seo\/ -->\n<title>Encontra Macap\u00e1 | Not\u00edcias, eventos e informa\u00e7\u00f5es na cidade de Macap\u00e1.<\/title>\n<meta name=\"description\" content=\"Tudo sobre MACAP\u00c1: not\u00edcias, servi\u00e7os, eventos, turismo e lazer com informa\u00e7\u00f5es do melhor que acontece na cidade onde voc\u00ea mora.\" \/>\n<meta name=\"robots\" content=\"index, follow, max-snippet:-1, max-image-preview:large, max-video-preview:-1\" \/>\n<link rel=\"canonical\" href=\"https:\/\/www.encontramacapa.com\/agenda\/\" \/>\n<meta property=\"og:locale\" content=\"pt_BR\" \/>\n<meta property=\"og:type\" content=\"article\" \/>\n<meta property=\"og:title\" content=\"Encontra Macap\u00e1 | Not\u00edcias, eventos e informa\u00e7\u00f5es na cidade de Macap\u00e1.\" \/>\n<meta property=\"og:description\" content=\"Tudo sobre MACAP\u00c1: not\u00edcias, servi\u00e7os, eventos, turismo e lazer com informa\u00e7\u00f5es do melhor que acontece na cidade onde voc\u00ea mora.\" \/>\n<meta property=\"og:url\" content=\"https:\/\/www.encontramacapa.com\/agenda\/\" \/>\n<meta property=\"og:site_name\" content=\"Encontra Macap\u00e1\" \/>\n<meta property=\"article:modified_time\" content=\"2021-04-29T18:13:12+00:00\" \/>\n<meta property=\"og:image\" content=\"https:\/\/feeds.feedburner.com\/encontramacapa.gif?w=2&amp;c=1&amp;bb=lgej\" \/>\n<meta name=\"twitter:card\" content=\"summary_large_image\" \/>\n<meta name=\"twitter:label1\" content=\"Est. reading time\" \/>\n\t<meta name=\"twitter:data1\" content=\"1 minuto\" \/>\n<script type=\"application\/ld+json\" class=\"yoast-schema-graph\">{\"@context\":\"https:\/\/schema.org\",\"@graph\":[{\"@type\":\"WebPage\",\"@id\":\"https:\/\/www.encontramacapa.com\/agenda\/\",\"url\":\"https:\/\/www.encontramacapa.com\/agenda\/\",\"name\":\"Encontra Macap\u00e1 | Not\u00edcias, eventos e informa\u00e7\u00f5es na cidade de Macap\u00e1.\",\"isPartOf\":{\"@id\":\"https:\/\/www.encontramacapa.com\/agenda\/#website\"},\"datePublished\":\"2019-05-13T18:38:06+00:00\",\"dateModified\":\"2021-04-29T18:13:12+00:00\",\"description\":\"Tudo sobre MACAP\u00c1: not\u00edcias, servi\u00e7os, eventos, turismo e lazer com informa\u00e7\u00f5es do melhor que acontece na cidade onde voc\u00ea mora.\",\"inLanguage\":\"pt-BR\",\"potentialAction\":[{\"@type\":\"ReadAction\",\"target\":[\"https:\/\/www.encontramacapa.com\/agenda\/\"]}]},{\"@type\":\"WebSite\",\"@id\":\"https:\/\/www.encontramacapa.com\/agenda\/#website\",\"url\":\"https:\/\/www.encontramacapa.com\/agenda\/\",\"name\":\"Encontra Macap\u00e1\",\"description\":\"Not\u00edcias, eventos, informa\u00e7\u00f5es e dicas na cidade Macap\u00e1 e regi\u00e3o.\",\"potentialAction\":[{\"@type\":\"SearchAction\",\"target\":{\"@type\":\"EntryPoint\",\"urlTemplate\":\"https:\/\/www.encontramacapa.com\/agenda\/?s={search_term_string}\"},\"query-input\":\"required name=search_term_string\"}],\"inLanguage\":\"pt-BR\"}]}<\/script>\n<!-- \/ Yoast SEO plugin. -->","yoast_head_json":{"title":"Encontra Macap\u00e1 | Not\u00edcias, eventos e informa\u00e7\u00f5es na cidade de Macap\u00e1.","description":"Tudo sobre MACAP\u00c1: not\u00edcias, servi\u00e7os, eventos, turismo e lazer com informa\u00e7\u00f5es do melhor que acontece na cidade onde voc\u00ea mora.","robots":{"index":"index","follow":"follow","max-snippet":"max-snippet:-1","max-image-preview":"max-image-preview:large","max-video-preview":"max-video-preview:-1"},"canonical":"https:\/\/www.encontramacapa.com\/agenda\/","og_locale":"pt_BR","og_type":"article","og_title":"Encontra Macap\u00e1 | Not\u00edcias, eventos e informa\u00e7\u00f5es na cidade de Macap\u00e1.","og_description":"Tudo sobre MACAP\u00c1: not\u00edcias, servi\u00e7os, eventos, turismo e lazer com informa\u00e7\u00f5es do melhor que acontece na cidade onde voc\u00ea mora.","og_url":"https:\/\/www.encontramacapa.com\/agenda\/","og_site_name":"Encontra Macap\u00e1","article_modified_time":"2021-04-29T18:13:12+00:00","og_image":[{"url":"https:\/\/feeds.feedburner.com\/encontramacapa.gif?w=2&amp;c=1&amp;bb=lgej"}],"twitter_card":"summary_large_image","twitter_misc":{"Est. reading time":"1 minuto"},"schema":{"@context":"https:\/\/schema.org","@graph":[{"@type":"WebPage","@id":"https:\/\/www.encontramacapa.com\/agenda\/","url":"https:\/\/www.encontramacapa.com\/agenda\/","name":"Encontra Macap\u00e1 | Not\u00edcias, eventos e informa\u00e7\u00f5es na cidade de Macap\u00e1.","isPartOf":{"@id":"https:\/\/www.encontramacapa.com\/agenda\/#website"},"datePublished":"2019-05-13T18:38:06+00:00","dateModified":"2021-04-29T18:13:12+00:00","description":"Tudo sobre MACAP\u00c1: not\u00edcias, servi\u00e7os, eventos, turismo e lazer com informa\u00e7\u00f5es do melhor que acontece na cidade onde voc\u00ea mora.","inLanguage":"pt-BR","potentialAction":[{"@type":"ReadAction","target":["https:\/\/www.encontramacapa.com\/agenda\/"]}]},{"@type":"WebSite","@id":"https:\/\/www.encontramacapa.com\/agenda\/#website","url":"https:\/\/www.encontramacapa.com\/agenda\/","name":"Encontra Macap\u00e1","description":"Not\u00edcias, eventos, informa\u00e7\u00f5es e dicas na cidade Macap\u00e1 e regi\u00e3o.","potentialAction":[{"@type":"SearchAction","target":{"@type":"EntryPoint","urlTemplate":"https:\/\/www.encontramacapa.com\/agenda\/?s={search_term_string}"},"query-input":"required name=search_term_string"}],"inLanguage":"pt-BR"}]}},"_links":{"self":[{"href":"https:\/\/www.encontramacapa.com\/agenda\/wp-json\/wp\/v2\/pages\/18"}],"collection":[{"href":"https:\/\/www.encontramacapa.com\/agenda\/wp-json\/wp\/v2\/pages"}],"about":[{"href":"https:\/\/www.encontramacapa.com\/agenda\/wp-json\/wp\/v2\/types\/page"}],"author":[{"embeddable":true,"href":"https:\/\/www.encontramacapa.com\/agenda\/wp-json\/wp\/v2\/users\/1"}],"replies":[{"embeddable":true,"href":"https:\/\/www.encontramacapa.com\/agenda\/wp-json\/wp\/v2\/comments?post=18"}],"version-history":[{"count":0,"href":"https:\/\/www.encontramacapa.com\/agenda\/wp-json\/wp\/v2\/pages\/18\/revisions"}],"wp:attachment":[{"href":"https:\/\/www.encontramacapa.com\/agenda\/wp-json\/wp\/v2\/media?parent=18"}],"curies":[{"name":"wp","href":"https:\/\/api.w.org\/{rel}","templated":true}]}}