{"id":201,"date":"2019-07-03T18:33:29","date_gmt":"2019-07-03T21:33:29","guid":{"rendered":"https:\/\/www.encontramacapa.com\/agenda\/?page_id=201"},"modified":"2019-07-03T18:33:29","modified_gmt":"2019-07-03T21:33:29","slug":"marco-zero-macapa","status":"publish","type":"page","link":"https:\/\/www.encontramacapa.com\/agenda\/marco-zero-macapa\/","title":{"rendered":"Marco Zero Macap\u00e1"},"content":{"rendered":"<div class=\"360c0fa48d5b89319c7b2ed66abb325c\" data-index=\"1\" style=\"float: left; margin: 15px 15px 15px 0;\">\n<!-- EBR \/Novo-Bairro-Topo\/ 300x250 -->\r\n<ins class=\"adsbygoogle\"\r\n     style=\"display:inline-block;width:300px;height:250px\"\r\n     data-ad-client=\"ca-pub-6414922941841817\"\r\n     data-ad-slot=\"5351822287\"><\/ins>\r\n<script>\r\n(adsbygoogle = window.adsbygoogle || []).push({});\r\n<\/script>\n<\/div>\n<p>Macap\u00e1 \u00e9 a \u00fanica capital do Brasil cortada pela linha do Equador. Assim, parte da cidade est\u00e1 no Hemisf\u00e9rio Norte e a outra no Sul.<\/p>\n<p>Em refer\u00eancia, foi constru\u00eddo o Monumento <strong>Marco Zero<\/strong> do Equador, no qual \u00e9 poss\u00edvel observar o instante de ocorr\u00eancia do Equin\u00f3cio (atrav\u00e9s da proje\u00e7\u00e3o da sombra do obelisco, que se alinha com a linha imagin\u00e1ria do equador).<\/p>\n<p><img decoding=\"async\" loading=\"lazy\" class=\"aligncenter wp-image-202 size-full\" title=\"Marco Zero Macap\u00e1\" src=\"https:\/\/www.encontramacapa.com\/agenda\/wp-content\/uploads\/2019\/07\/marco-zero-macapa.jpg\" alt=\"Marco Zero Macap\u00e1\" width=\"680\" height=\"189\" srcset=\"https:\/\/www.encontramacapa.com\/agenda\/wp-content\/uploads\/2019\/07\/marco-zero-macapa.jpg 680w, https:\/\/www.encontramacapa.com\/agenda\/wp-content\/uploads\/2019\/07\/marco-zero-macapa-300x83.jpg 300w\" sizes=\"(max-width: 680px) 100vw, 680px\" \/><\/p>\n<p>H\u00e1 diverg\u00eancias quanto a localiza\u00e7\u00e3o exata do equador, estudiosos dizem que o monumento est\u00e1 na posi\u00e7\u00e3o certa e outros que contestam isso. Oras, um impasse f\u00e1cil de se resolver com ajuda da tecnologia.<\/p>\n<p>A linha do equador divide tamb\u00e9m o campo no Est\u00e1dio Zer\u00e3o (Milton Corr\u00eaa), no momento fechado e em reforma (faz um bom tempo). Olha l\u00e1 no fundo o Marco Zero alinhado com o meio de campo!<\/p>\n<p>Segundo dizem, em 2014 ficar\u00e1 \u00e0 disposi\u00e7\u00e3o como Centro de Treinamento e, quem sabe, realiza-se algum amistoso ou treinamento com alguma equipe envolvida na Copa. Isso a\u00ed \u00e9 mais um sonho de pol\u00edticos (\u00e1vidos por promo\u00e7\u00e3o), pois o investimento precisa ser muito alto&#8230; mais que apenas reforma de um est\u00e1dio. Investimento por investimento, h\u00e1 necessidades muito mais gritantes e urgentes em Macap\u00e1. \u00c9 o que penso.<\/p>\n<p>Na outra ponta do Marco Zero temos a Av. Equatorial, tamb\u00e9m dividida pela linha do equador.<br \/>\nSeguindo esta reta (a linha do equador) voc\u00ea chega ao Rio Amazonas, n\u00e3o muito distante deste ponto. Isso inspirou uma m\u00fasica de Z\u00e9 Miguel (conhecido artista local e atual Secret\u00e1rio de Cultura) do &#8220;endere\u00e7o&#8221; de Macap\u00e1. A m\u00fasica diz: &#8220;&#8230;na esquina do rio mais belo, com a linha do equador&#8230;&#8221;.<\/p>\n<p>At\u00e9 os anos 80, o marco do equador era representado de forma muito modesta. Havia apenas uma linha na rotat\u00f3ria mostrando isso. Quanta desconsidera\u00e7\u00e3o e ignor\u00e2ncia ao marco geogr\u00e1fico e astron\u00f4mico havia&#8230;<\/p>\n<p>Basta pensar que para os povos antigos (como os caldeus, fen\u00edcios, astecas, maias, incas e eg\u00edpcios) a posi\u00e7\u00e3o que o Sol ocupava na linha do horizonte tinha uma grande import\u00e2ncia para o dia-a-dia deles. Os rumos de muitas sociedades era determinado pelo movimento solar e in\u00edcio das esta\u00e7\u00f5es.<\/p>\n<p>O calend\u00e1rio e contagem do ano baseava-se nisso. Aqui mesmo no Amap\u00e1, existiram civiliza\u00e7\u00f5es que constru\u00edram uma s\u00e9rie de monumentos antigos l\u00e1 para as bandas de Cal\u00e7oene, Ferreira Gomes, etc. Nunca ouviste falar? \u00c9 que o povo antigo era cheio de cren\u00e7as e rituais que faziam para que tivessem boas safras e boas coisas com o in\u00edcio das esta\u00e7\u00f5es&#8230; uma forma de atenuar as expectativas e centralizar pensamentos positivos para o porvir.<\/p>\n<p>Hoje encontra-se um belo monumento, localizado a 2 km do centro da cidade, que apresenta um obelisco de 30 metros de altura com uma abertura circular no topo. Enigm\u00e1tica para muitos.<\/p>\n<p>O equin\u00f3cio \u00e9 uma manifesta\u00e7\u00e3o em que os raios do sol incidem diretamente sobre a Linha do Equador e, no monumento, projeta-se uma elipse de luz sobre o marco da linha imagin\u00e1ria.<\/p>\n<p>O sol duas vezes ao ano faz a passagem entre os hemisf\u00e9rios, determinando as esta\u00e7\u00f5es, e o equin\u00f3cio \u00e9 o ponto em que est\u00e1 cruzando a linha do equador. Mas olha a\u00ed, isso ocorre por causa do movimento de Transla\u00e7\u00e3o da Terra e n\u00e3o, como se cr\u00ea popularmente, &#8220;o sol se mexendo daqui para l\u00e1&#8221;.<\/p>\n<p>Nesse per\u00edodo, os dias e as noites t\u00eam igualmente 12 horas de dura\u00e7\u00e3o em todo o planeta (a palavra &#8220;equin\u00f3cio&#8221; em latim significa &#8220;noites iguais&#8221; ou ainda \u201cdia igual a noite\u201d). A ocorr\u00eancia desse fen\u00f4meno se d\u00e1 em dois momentos: em mar\u00e7o (Equin\u00f3cio da Primavera &#8211; inicia a primavera no Hemisf\u00e9rio Norte e o Outono no Sul) e em setembro (Equin\u00f3cio de Outono &#8211; o contr\u00e1rio).<\/p>\n<h2>Marco Zero Macap\u00e1 Hor\u00e1rio<\/h2>\n<p>O monumento fica no Jardim Marco Zero, podendo ser acessado qualquer <em>hora.<\/em><\/p>\n<h3>Loja Marco Zero Macap\u00e1<\/h3>\n<p>Pr\u00f3ximo ao monumento tem a <span style=\"text-decoration: underline;\">loja<\/span> de produtos artesanais, onde um material simples e muita criatividade s\u00e3o capazes de gerar belas coisas<br \/>\nnas m\u00e3os de artistas.<\/p>\n<h3>Marco Zero Macap\u00e1 Fotos<\/h3>\n<p><img decoding=\"async\" loading=\"lazy\" class=\"aligncenter wp-image-203 size-full\" title=\"Marco Zero Macap\u00e1 Fotos\" src=\"https:\/\/www.encontramacapa.com\/agenda\/wp-content\/uploads\/2019\/07\/marco-zero-macapa-fotos.jpg\" alt=\"Marco Zero Macap\u00e1 Fotos\" width=\"800\" height=\"497\" srcset=\"https:\/\/www.encontramacapa.com\/agenda\/wp-content\/uploads\/2019\/07\/marco-zero-macapa-fotos.jpg 800w, https:\/\/www.encontramacapa.com\/agenda\/wp-content\/uploads\/2019\/07\/marco-zero-macapa-fotos-300x186.jpg 300w, https:\/\/www.encontramacapa.com\/agenda\/wp-content\/uploads\/2019\/07\/marco-zero-macapa-fotos-768x477.jpg 768w\" sizes=\"(max-width: 800px) 100vw, 800px\" \/><\/p>\n<h3>Hor\u00e1rio de Funcionamento Marco Zero Macap\u00e1<\/h3>\n<ul>\n<li>Aberto 24 horas<\/li>\n<\/ul>\n<h3>Onde Fica, Endere\u00e7o e Telefone Marco Zero Macap\u00e1<\/h3>\n<ul>\n<li>Rod. Juscelino Kubitschek &#8211; Jardim Marco Zero &#8211; Macap\u00e1 &#8211; AP<\/li>\n<li>Telefone: (96) 98802-1356<\/li>\n<\/ul>\n<h4>Mapa de localiza\u00e7\u00e3o<\/h4>\n<a class=\"wp-colorbox-iframe\" href=\"https:\/\/www.google.com\/maps\/embed?pb=!1m14!1m8!1m3!1d15959.27328034403!2d-51.0779231!3d0.0006505!3m2!1i1024!2i768!4f13.1!3m3!1m2!1s0x00xc32deb7a76339305!2sMonumento+Marco+Zero+Linha+do+Equador+-+Meio+do+Mundo!5e0!3m2!1spt-BR!2sbr!4v1562165669442!5m2!1spt-BR!2sbr\"><img src=\"http:\/\/www.encontramacapa.com\/imgs\/maps-post.png\"><\/a>\n\n<div style=\"font-size: 0px; height: 0px; line-height: 0px; margin: 0; padding: 0; clear: both;\"><\/div>","protected":false},"excerpt":{"rendered":"<p>Macap\u00e1 \u00e9 a \u00fanica capital do Brasil cortada pela linha do Equador. Assim, parte da cidade est\u00e1 no Hemisf\u00e9rio Norte e a outra no Sul. Em refer\u00eancia, foi constru\u00eddo o Monumento Marco Zero do Equador, no qual \u00e9 poss\u00edvel observar o instante de ocorr\u00eancia do Equin\u00f3cio (atrav\u00e9s da proje\u00e7\u00e3o da sombra do obelisco, que se alinha com a linha imagin\u00e1ria do equador). H\u00e1 diverg\u00eancias quanto a localiza\u00e7\u00e3o exata do equador, estudiosos dizem que o monumento est\u00e1 na posi\u00e7\u00e3o certa e outros que contestam isso. Oras, um impasse f\u00e1cil de se resolver com ajuda da tecnologia. A linha do equador divide <\/p>\n","protected":false},"author":1,"featured_media":0,"parent":0,"menu_order":0,"comment_status":"closed","ping_status":"closed","template":"","meta":{"footnotes":""},"yoast_head":"<!-- This site is optimized with the Yoast SEO plugin v21.3 - https:\/\/yoast.com\/wordpress\/plugins\/seo\/ -->\n<title>Marco Zero Macap\u00e1: Loja, Fotos, Hor\u00e1rio, Endere\u00e7o, Telefone<\/title>\n<meta name=\"description\" content=\"Veja sobre o (Marco Zero Macap\u00e1) - Informa\u00e7\u00f5es, hor\u00e1rio de funcionamento, endere\u00e7o e telefone. CLIQUE AQUI!\" \/>\n<meta name=\"robots\" content=\"index, follow, max-snippet:-1, max-image-preview:large, max-video-preview:-1\" \/>\n<link rel=\"canonical\" href=\"https:\/\/www.encontramacapa.com\/agenda\/marco-zero-macapa\/\" \/>\n<meta property=\"og:locale\" content=\"pt_BR\" \/>\n<meta property=\"og:type\" content=\"article\" \/>\n<meta property=\"og:title\" content=\"Marco Zero Macap\u00e1: Loja, Fotos, Hor\u00e1rio, Endere\u00e7o, Telefone\" \/>\n<meta property=\"og:description\" content=\"Veja sobre o (Marco Zero Macap\u00e1) - Informa\u00e7\u00f5es, hor\u00e1rio de funcionamento, endere\u00e7o e telefone. CLIQUE AQUI!\" \/>\n<meta property=\"og:url\" content=\"https:\/\/www.encontramacapa.com\/agenda\/marco-zero-macapa\/\" \/>\n<meta property=\"og:site_name\" content=\"Encontra Macap\u00e1\" \/>\n<meta property=\"og:image\" content=\"https:\/\/www.encontramacapa.com\/agenda\/wp-content\/uploads\/2019\/07\/marco-zero-macapa.jpg\" \/>\n<meta name=\"twitter:card\" content=\"summary_large_image\" \/>\n<meta name=\"twitter:label1\" content=\"Est. reading time\" \/>\n\t<meta name=\"twitter:data1\" content=\"4 minutos\" \/>\n<script type=\"application\/ld+json\" class=\"yoast-schema-graph\">{\"@context\":\"https:\/\/schema.org\",\"@graph\":[{\"@type\":\"WebPage\",\"@id\":\"https:\/\/www.encontramacapa.com\/agenda\/marco-zero-macapa\/\",\"url\":\"https:\/\/www.encontramacapa.com\/agenda\/marco-zero-macapa\/\",\"name\":\"Marco Zero Macap\u00e1: Loja, Fotos, Hor\u00e1rio, Endere\u00e7o, Telefone\",\"isPartOf\":{\"@id\":\"https:\/\/www.encontramacapa.com\/agenda\/#website\"},\"datePublished\":\"2019-07-03T21:33:29+00:00\",\"dateModified\":\"2019-07-03T21:33:29+00:00\",\"description\":\"Veja sobre o (Marco Zero Macap\u00e1) - Informa\u00e7\u00f5es, hor\u00e1rio de funcionamento, endere\u00e7o e telefone. CLIQUE AQUI!\",\"inLanguage\":\"pt-BR\",\"potentialAction\":[{\"@type\":\"ReadAction\",\"target\":[\"https:\/\/www.encontramacapa.com\/agenda\/marco-zero-macapa\/\"]}]},{\"@type\":\"WebSite\",\"@id\":\"https:\/\/www.encontramacapa.com\/agenda\/#website\",\"url\":\"https:\/\/www.encontramacapa.com\/agenda\/\",\"name\":\"Encontra Macap\u00e1\",\"description\":\"Not\u00edcias, eventos, informa\u00e7\u00f5es e dicas na cidade Macap\u00e1 e regi\u00e3o.\",\"potentialAction\":[{\"@type\":\"SearchAction\",\"target\":{\"@type\":\"EntryPoint\",\"urlTemplate\":\"https:\/\/www.encontramacapa.com\/agenda\/?s={search_term_string}\"},\"query-input\":\"required name=search_term_string\"}],\"inLanguage\":\"pt-BR\"}]}<\/script>\n<!-- \/ Yoast SEO plugin. -->","yoast_head_json":{"title":"Marco Zero Macap\u00e1: Loja, Fotos, Hor\u00e1rio, Endere\u00e7o, Telefone","description":"Veja sobre o (Marco Zero Macap\u00e1) - Informa\u00e7\u00f5es, hor\u00e1rio de funcionamento, endere\u00e7o e telefone. CLIQUE AQUI!","robots":{"index":"index","follow":"follow","max-snippet":"max-snippet:-1","max-image-preview":"max-image-preview:large","max-video-preview":"max-video-preview:-1"},"canonical":"https:\/\/www.encontramacapa.com\/agenda\/marco-zero-macapa\/","og_locale":"pt_BR","og_type":"article","og_title":"Marco Zero Macap\u00e1: Loja, Fotos, Hor\u00e1rio, Endere\u00e7o, Telefone","og_description":"Veja sobre o (Marco Zero Macap\u00e1) - Informa\u00e7\u00f5es, hor\u00e1rio de funcionamento, endere\u00e7o e telefone. CLIQUE AQUI!","og_url":"https:\/\/www.encontramacapa.com\/agenda\/marco-zero-macapa\/","og_site_name":"Encontra Macap\u00e1","og_image":[{"url":"https:\/\/www.encontramacapa.com\/agenda\/wp-content\/uploads\/2019\/07\/marco-zero-macapa.jpg"}],"twitter_card":"summary_large_image","twitter_misc":{"Est. reading time":"4 minutos"},"schema":{"@context":"https:\/\/schema.org","@graph":[{"@type":"WebPage","@id":"https:\/\/www.encontramacapa.com\/agenda\/marco-zero-macapa\/","url":"https:\/\/www.encontramacapa.com\/agenda\/marco-zero-macapa\/","name":"Marco Zero Macap\u00e1: Loja, Fotos, Hor\u00e1rio, Endere\u00e7o, Telefone","isPartOf":{"@id":"https:\/\/www.encontramacapa.com\/agenda\/#website"},"datePublished":"2019-07-03T21:33:29+00:00","dateModified":"2019-07-03T21:33:29+00:00","description":"Veja sobre o (Marco Zero Macap\u00e1) - Informa\u00e7\u00f5es, hor\u00e1rio de funcionamento, endere\u00e7o e telefone. CLIQUE AQUI!","inLanguage":"pt-BR","potentialAction":[{"@type":"ReadAction","target":["https:\/\/www.encontramacapa.com\/agenda\/marco-zero-macapa\/"]}]},{"@type":"WebSite","@id":"https:\/\/www.encontramacapa.com\/agenda\/#website","url":"https:\/\/www.encontramacapa.com\/agenda\/","name":"Encontra Macap\u00e1","description":"Not\u00edcias, eventos, informa\u00e7\u00f5es e dicas na cidade Macap\u00e1 e regi\u00e3o.","potentialAction":[{"@type":"SearchAction","target":{"@type":"EntryPoint","urlTemplate":"https:\/\/www.encontramacapa.com\/agenda\/?s={search_term_string}"},"query-input":"required name=search_term_string"}],"inLanguage":"pt-BR"}]}},"_links":{"self":[{"href":"https:\/\/www.encontramacapa.com\/agenda\/wp-json\/wp\/v2\/pages\/201"}],"collection":[{"href":"https:\/\/www.encontramacapa.com\/agenda\/wp-json\/wp\/v2\/pages"}],"about":[{"href":"https:\/\/www.encontramacapa.com\/agenda\/wp-json\/wp\/v2\/types\/page"}],"author":[{"embeddable":true,"href":"https:\/\/www.encontramacapa.com\/agenda\/wp-json\/wp\/v2\/users\/1"}],"replies":[{"embeddable":true,"href":"https:\/\/www.encontramacapa.com\/agenda\/wp-json\/wp\/v2\/comments?post=201"}],"version-history":[{"count":0,"href":"https:\/\/www.encontramacapa.com\/agenda\/wp-json\/wp\/v2\/pages\/201\/revisions"}],"wp:attachment":[{"href":"https:\/\/www.encontramacapa.com\/agenda\/wp-json\/wp\/v2\/media?parent=201"}],"curies":[{"name":"wp","href":"https:\/\/api.w.org\/{rel}","templated":true}]}}