{"id":68,"date":"2019-05-22T16:10:52","date_gmt":"2019-05-22T19:10:52","guid":{"rendered":"https:\/\/www.encontramacapa.com\/agenda\/?page_id=68"},"modified":"2019-05-22T16:13:00","modified_gmt":"2019-05-22T19:13:00","slug":"fortaleza-de-sao-jose-de-macapa","status":"publish","type":"page","link":"https:\/\/www.encontramacapa.com\/agenda\/fortaleza-de-sao-jose-de-macapa\/","title":{"rendered":"Fortaleza de S\u00e3o Jos\u00e9 de Macap\u00e1"},"content":{"rendered":"<div class=\"360c0fa48d5b89319c7b2ed66abb325c\" data-index=\"1\" style=\"float: left; margin: 15px 15px 15px 0;\">\n<!-- EBR \/Novo-Bairro-Topo\/ 300x250 -->\r\n<ins class=\"adsbygoogle\"\r\n     style=\"display:inline-block;width:300px;height:250px\"\r\n     data-ad-client=\"ca-pub-6414922941841817\"\r\n     data-ad-slot=\"5351822287\"><\/ins>\r\n<script>\r\n(adsbygoogle = window.adsbygoogle || []).push({});\r\n<\/script>\n<\/div>\n<p>A <strong>Fortaleza de S\u00e3o Jos\u00e9 de Macap\u00e1<\/strong> se localiza a esquerda do rio Amazonas, pr\u00f3xima a antiga Prov\u00edncia dos Tucujus, atual cidade de Macap\u00e1, no estado do Amap\u00e1, no Brasil.<\/p>\n<p>Testemunha do vasto projeto de defesa da Amaz\u00f4nia desenvolvido pelo Marqu\u00eas de Pombal, as suas dimens\u00f5es s\u00e3o compar\u00e1veis \u00e0s do Real Forte Pr\u00edncipe da Beira.<\/p>\n<p><img decoding=\"async\" loading=\"lazy\" class=\"aligncenter wp-image-74 size-full\" title=\"Fortaleza de S\u00e3o Jos\u00e9 de Macap\u00e1\" src=\"https:\/\/www.encontramacapa.com\/agenda\/wp-content\/uploads\/2019\/05\/fortaleza-de-s\u00e3o-jos\u00e9-de-macapa-1.jpg\" alt=\"Fortaleza de S\u00e3o Jos\u00e9 de Macap\u00e1\" width=\"680\" height=\"189\" srcset=\"https:\/\/www.encontramacapa.com\/agenda\/wp-content\/uploads\/2019\/05\/fortaleza-de-s\u00e3o-jos\u00e9-de-macapa-1.jpg 680w, https:\/\/www.encontramacapa.com\/agenda\/wp-content\/uploads\/2019\/05\/fortaleza-de-s\u00e3o-jos\u00e9-de-macapa-1-300x83.jpg 300w\" sizes=\"(max-width: 680px) 100vw, 680px\" \/><\/p>\n<p>Para suceder os redutos de 1738 (Reduto do Macap\u00e1) e de 1761 (Forte do Macap\u00e1), e dar solu\u00e7\u00e3o definitiva \u00e0 fortifica\u00e7\u00e3o da barra norte do rio Amazonas, o Governador e Capit\u00e3o-general do Estado do Gr\u00e3o-Par\u00e1 e Maranh\u00e3o, Fernando da Costa de Ata\u00edde Teive, dirigiu-se \u00e0 vila de S\u00e3o Jos\u00e9 do Macap\u00e1, onde, a 2 de janeiro de 1764, em companhia do Sargento-mor Engenheiro Henrique Ant\u00f4nio Galucio, examinou o terreno e aprovou a planta geral da nova fortaleza (SOUZA, 1885:63; GARRIDO, 1940:26-27).<\/p>\n<p>Meses mais tarde, a 29 de junho nesse mesmo ano, foi lan\u00e7ada a pedra fundamental da fortaleza, no \u00e2ngulo do baluarte sob a invoca\u00e7\u00e3o de S\u00e3o Pedro, na presen\u00e7a do governador, do Coronel Nuno da Cunha Ata\u00edde Varona, comandante da Pra\u00e7a, do Sargento-mor Galucio, do Senado da C\u00e2mara e das demais autoridades civis e religiosas da vila (BARRETTO, 1958:56).<\/p>\n<p>A sua constru\u00e7\u00e3o empregou, al\u00e9m de oficiais e soldados, canteiros, art\u00edfices e trabalhadores africanos e ind\u00edgenas. Eram pagos 140 r\u00e9is di\u00e1rios aos primeiros contra apenas quarenta r\u00e9is para os segundos (BARRETO, 1958:57).<\/p>\n<p>Os trabalhos distribu\u00edram-se entre as pedreiras da cachoeira das Pedrinhas, no rio Pedreiras, a cerca de 32 quil\u00f4metros de dist\u00e2ncia de Macap\u00e1 (extra\u00e7\u00e3o e cantaria\u00e7\u00e3o), os fornos de cal, as olarias (tijolos e telhas), a log\u00edstica (transporte fluvial e terrestre), al\u00e9m do pr\u00f3prio canteiro de obras em Macap\u00e1.<\/p>\n<p>O Sargento-mor Galucio morreu de mal\u00e1ria durante as obras, a 27 de outubro de 1769, tendo assumido a dire\u00e7\u00e3o dos trabalhos o Capit\u00e3o Henrique Wilckens, at\u00e9 \u00e0 chegada do Sargento-mor Engenheiro Gaspar Jo\u00e3o Geraldo de Gronfeld (GARRIDO, 1940:27). Comandava a pra\u00e7a, \u00e0 \u00e9poca, o Mestre de Campo do 1\u00ba Ter\u00e7o de Infantaria Auxiliar de Bel\u00e9m, Marcos Jos\u00e9 Monteiro de Carvalho (BARRETTO, 1958:57).<\/p>\n<p>OLIVEIRA (1968) aponta como primeiro comandante da pra\u00e7a o ent\u00e3o Sargento-mor Manuel da Gama Lobo Almada, nomeado em 5 de setembro de 1769 e que permaneceu no cargo at\u00e9 1771, tendo retornado em 1773 e permanecido at\u00e9 1784 (op. cit., p. 751).<\/p>\n<p>No primeiro semestre de 1771 estavam conclu\u00eddos os trabalhos internos, demorando-se os acabamentos exteriores at\u00e9 depois de 1773 (GARRIDO, 1940:27). Deste per\u00edodo (dezembro de 1772), existe planta dada pelo Governador e Capit\u00e3o General do Gr\u00e3o Par\u00e1, Jo\u00e3o Pereira Caldas, ao Ministro Martinho de Melo e Castro (Planta da Fortaleza de S. Jos\u00e9 de Macap\u00e1, c. 1772.<\/p>\n<p>Arquivo Hist\u00f3rico Ultramarino, Lisboa) (IRIA, 1966:42). O falecimento do rei D. Jos\u00e9 (1750-1777), e a exonera\u00e7\u00e3o do Marqu\u00eas de Pombal por D. Maria I (1777-1816), trouxeram como reflexo s\u00e9rias restri\u00e7\u00f5es or\u00e7ament\u00e1rias, fazendo com que a inaugura\u00e7\u00e3o da fortaleza s\u00f3 viesse a ocorrer, com as obras complementares ainda pendentes de realiza\u00e7\u00e3o, a 19 de mar\u00e7o de 1782, dia do seu padroeiro, S\u00e3o Jos\u00e9. Estima-se que foram consumidos nas obras, tr\u00eas milh\u00f5es de cruzados (SOUZA, 1885:63; GARRIDO, 1940:27; quatro milh\u00f5es cf. BARRETTO, 1958:56).<\/p>\n<h2>Fortaleza de S\u00e3o Jos\u00e9 de Macap\u00e1 Tombamento<\/h2>\n<p>Reconhecendo a sua import\u00e2ncia hist\u00f3rica e arquitet\u00f4nica, o Servi\u00e7o do Patrim\u00f4nio Hist\u00f3rico e Art\u00edstico Nacional (SPHAN) <em>procedeu-lhe o tombamento em 22 de mar\u00e7o de 1950.<\/em><\/p>\n<p>Uma comiss\u00e3o, nomeada pelo Governo do Territ\u00f3rio em 8 de julho de 1950, procedeu ao levantamento e Tombamento de todos os bens da Fortaleza, que ent\u00e3o conservava cinquenta e quatro canh\u00f5es ante carga de ferro, de alma lisa, de diversos calibres.<\/p>\n<h3>Fortaleza de S\u00e3o Jos\u00e9 de Macap\u00e1 Caracter\u00edsticas<\/h3>\n<p>O conjunto da fortaleza <em>ocupa 84.000 m\u00b2,<\/em> em estilo Vauban dito de 8\u00aa classe (BARRETTO, 1958:56; ALC\u00c2NTARA, 1979). Apresenta planta no formato de um pol\u00edgono quadrangular regular, com baluartes pentagonais nos v\u00e9rtices, sob a invoca\u00e7\u00e3o respectivamente de Nossa Senhora da Concei\u00e7\u00e3o, S\u00e3o Jos\u00e9, S\u00e3o Pedro e Madre de Deus, muralhas com oito metros de altura em alvenaria de pedra e cal, arrematadas por cantaria nos \u00e2ngulos salientes, e um fosso seco pelo lado de Sudoeste.<\/p>\n<p><em>Pelo lado Oeste<\/em>, em frente ao port\u00e3o principal, ergue-se um revelim para prote\u00e7\u00e3o do seu acesso pelo exterior, originalmente projetado compreendendo duas pontes sobre um fosso.<\/p>\n<p>O <span style=\"text-decoration: underline;\">port\u00e3o principal<\/span> acessa a chamada &#8220;<em>Casa do \u00d3rg\u00e3o<\/em>&#8220;, bloco originalmente afeto ao &#8220;Corpo da Guarda&#8221;, edif\u00edcio que se destaca por uma fachada em estilo cl\u00e1ssico. No terrapleno, em redor da pra\u00e7a de armas, disp\u00f5em-se oito edif\u00edcios dispostos aos pares: &#8220;Quartel da Tropa&#8221;, Hospital, &#8220;Casa do Capel\u00e3o&#8221;, Capela, &#8220;Casa do Comandante e Paiol da P\u00f3lvora&#8221;, &#8220;Casa da Palamenta&#8221; e &#8220;Casa da Farinha&#8221;. Ao abrigo do terrapleno, duas cadeias casamatadas com doze celas cada, uma destinada a detidos do sexo masculino e outra a do sexo feminino. Ao centro da pra\u00e7a, um escoadouro de \u00e1guas pluviais.<\/p>\n<p>Externamente, atualmente restam os vest\u00edgios de um fosso seco nas faces Sul e Oeste, que originalmente seria inundado em todo o per\u00edmetro da fortaleza, inclusive o revelim frente ao port\u00e3o principal.<\/p>\n<p>A explanada exterior ligava-se ao revelim por uma passarela de madeira e este ao port\u00e3o principal, atrav\u00e9s de uma ponte levadi\u00e7a, acess\u00f3rios estes atualmente desaparecidos.<\/p>\n<p>Na face Norte, al\u00e9m de um fosso seco, o projeto original previa um segundo revelim, cercado por sua vez por um fosso inundado, elementos tamb\u00e9m desaparecidos. Pela face Leste, al\u00e9m do fosso seco, estavam projetadas duas baterias baixas, identificadas pela recente campanha de prospec\u00e7\u00e3o arqueol\u00f3gica.<\/p>\n<p>Essa pesquisa comprovou ainda que, na parte do conjunto erguida sobre terreno originalmente alagado, fora utilizadas estacas de acapu (madeira resistente \u00e0 \u00e1gua) formando uma s\u00f3lida treli\u00e7a sobre a qual foram erguidas as muralhas, t\u00e9cnica cujo emprego no Brasil ainda n\u00e3o havia sido comprovado.<\/p>\n<h3>Fortaleza de S\u00e3o Jos\u00e9 de Macap\u00e1 Fotos<\/h3>\n<p style=\"text-align: center;\"><img decoding=\"async\" loading=\"lazy\" class=\"aligncenter wp-image-76 size-full\" title=\"Fortaleza de S\u00e3o Jos\u00e9 de Macap\u00e1 Fotos\" src=\"https:\/\/www.encontramacapa.com\/agenda\/wp-content\/uploads\/2019\/05\/fortaleza-de-s\u00e3o-jos\u00e9-de-macapa-fotos.jpg\" alt=\"Fortaleza de S\u00e3o Jos\u00e9 de Macap\u00e1 Fotos\" width=\"800\" height=\"493\" srcset=\"https:\/\/www.encontramacapa.com\/agenda\/wp-content\/uploads\/2019\/05\/fortaleza-de-s\u00e3o-jos\u00e9-de-macapa-fotos.jpg 800w, https:\/\/www.encontramacapa.com\/agenda\/wp-content\/uploads\/2019\/05\/fortaleza-de-s\u00e3o-jos\u00e9-de-macapa-fotos-300x185.jpg 300w, https:\/\/www.encontramacapa.com\/agenda\/wp-content\/uploads\/2019\/05\/fortaleza-de-s\u00e3o-jos\u00e9-de-macapa-fotos-768x473.jpg 768w, https:\/\/www.encontramacapa.com\/agenda\/wp-content\/uploads\/2019\/05\/fortaleza-de-s\u00e3o-jos\u00e9-de-macapa-fotos-223x137.jpg 223w\" sizes=\"(max-width: 800px) 100vw, 800px\" \/><\/p>\n<h3>Hor\u00e1rio de Funcionamento Fortaleza de S\u00e3o Jos\u00e9 de Macap\u00e1<\/h3>\n<ul>\n<li>Ter\u00e7a a sexta e domingo das 8h \u00e1s 17h \/ S\u00e1bado das 9h \u00e1s 18h<\/li>\n<\/ul>\n<h3>Onde Fica e Endere\u00e7o Fortaleza de S\u00e3o Jos\u00e9 de Macap\u00e1<\/h3>\n<ul>\n<li>R. C\u00e2ndido Mendes, 1611 &#8211; Central &#8211; Macap\u00e1 &#8211; AP<\/li>\n<\/ul>\n<h4>Mapa de localiza\u00e7\u00e3o<\/h4>\n<a class=\"wp-colorbox-iframe\" href=\"https:\/\/www.google.com\/maps\/embed?pb=!1m14!1m8!1m3!1d15959.270938361604!2d-51.0492232!3d0.0310469!3m2!1i1024!2i768!4f13.1!3m3!1m2!1s0x00xe1109e269a2238ca!2sFortaleza+de+So+Jos+de+Macap!5e0!3m2!1spt-BR!2sbr!4v1558545664231!5m2!1spt-BR!2sbr\"><img src=\"http:\/\/www.encontramacapa.com\/imgs\/maps-post.png\"><\/a>\n\n<div style=\"font-size: 0px; height: 0px; line-height: 0px; margin: 0; padding: 0; clear: both;\"><\/div>","protected":false},"excerpt":{"rendered":"<p>A Fortaleza de S\u00e3o Jos\u00e9 de Macap\u00e1 se localiza a esquerda do rio Amazonas, pr\u00f3xima a antiga Prov\u00edncia dos Tucujus, atual cidade de Macap\u00e1, no estado do Amap\u00e1, no Brasil. Testemunha do vasto projeto de defesa da Amaz\u00f4nia desenvolvido pelo Marqu\u00eas de Pombal, as suas dimens\u00f5es s\u00e3o compar\u00e1veis \u00e0s do Real Forte Pr\u00edncipe da Beira. Para suceder os redutos de 1738 (Reduto do Macap\u00e1) e de 1761 (Forte do Macap\u00e1), e dar solu\u00e7\u00e3o definitiva \u00e0 fortifica\u00e7\u00e3o da barra norte do rio Amazonas, o Governador e Capit\u00e3o-general do Estado do Gr\u00e3o-Par\u00e1 e Maranh\u00e3o, Fernando da Costa de Ata\u00edde Teive, dirigiu-se \u00e0 <\/p>\n","protected":false},"author":1,"featured_media":0,"parent":0,"menu_order":0,"comment_status":"closed","ping_status":"closed","template":"","meta":{"footnotes":""},"yoast_head":"<!-- This site is optimized with the Yoast SEO plugin v21.3 - https:\/\/yoast.com\/wordpress\/plugins\/seo\/ -->\n<title>Fortaleza de S\u00e3o Jos\u00e9 de Macap\u00e1 - Encontra Macap\u00e1<\/title>\n<meta name=\"robots\" content=\"index, follow, max-snippet:-1, max-image-preview:large, max-video-preview:-1\" \/>\n<link rel=\"canonical\" href=\"https:\/\/www.encontramacapa.com\/agenda\/fortaleza-de-sao-jose-de-macapa\/\" \/>\n<meta property=\"og:locale\" content=\"pt_BR\" \/>\n<meta property=\"og:type\" content=\"article\" \/>\n<meta property=\"og:title\" content=\"Fortaleza de S\u00e3o Jos\u00e9 de Macap\u00e1 - Encontra Macap\u00e1\" \/>\n<meta property=\"og:description\" content=\"A Fortaleza de S\u00e3o Jos\u00e9 de Macap\u00e1 se localiza a esquerda do rio Amazonas, pr\u00f3xima a antiga Prov\u00edncia dos Tucujus, atual cidade de Macap\u00e1, no estado do Amap\u00e1, no Brasil. Testemunha do vasto projeto de defesa da Amaz\u00f4nia desenvolvido pelo Marqu\u00eas de Pombal, as suas dimens\u00f5es s\u00e3o compar\u00e1veis \u00e0s do Real Forte Pr\u00edncipe da Beira. Para suceder os redutos de 1738 (Reduto do Macap\u00e1) e de 1761 (Forte do Macap\u00e1), e dar solu\u00e7\u00e3o definitiva \u00e0 fortifica\u00e7\u00e3o da barra norte do rio Amazonas, o Governador e Capit\u00e3o-general do Estado do Gr\u00e3o-Par\u00e1 e Maranh\u00e3o, Fernando da Costa de Ata\u00edde Teive, dirigiu-se \u00e0\" \/>\n<meta property=\"og:url\" content=\"https:\/\/www.encontramacapa.com\/agenda\/fortaleza-de-sao-jose-de-macapa\/\" \/>\n<meta property=\"og:site_name\" content=\"Encontra Macap\u00e1\" \/>\n<meta property=\"article:modified_time\" content=\"2019-05-22T19:13:00+00:00\" \/>\n<meta name=\"twitter:card\" content=\"summary_large_image\" \/>\n<meta name=\"twitter:label1\" content=\"Est. reading time\" \/>\n\t<meta name=\"twitter:data1\" content=\"6 minutos\" \/>\n<script type=\"application\/ld+json\" class=\"yoast-schema-graph\">{\"@context\":\"https:\/\/schema.org\",\"@graph\":[{\"@type\":\"WebPage\",\"@id\":\"https:\/\/www.encontramacapa.com\/agenda\/fortaleza-de-sao-jose-de-macapa\/\",\"url\":\"https:\/\/www.encontramacapa.com\/agenda\/fortaleza-de-sao-jose-de-macapa\/\",\"name\":\"Fortaleza de S\u00e3o Jos\u00e9 de Macap\u00e1 - Encontra Macap\u00e1\",\"isPartOf\":{\"@id\":\"https:\/\/www.encontramacapa.com\/agenda\/#website\"},\"datePublished\":\"2019-05-22T19:10:52+00:00\",\"dateModified\":\"2019-05-22T19:13:00+00:00\",\"inLanguage\":\"pt-BR\",\"potentialAction\":[{\"@type\":\"ReadAction\",\"target\":[\"https:\/\/www.encontramacapa.com\/agenda\/fortaleza-de-sao-jose-de-macapa\/\"]}]},{\"@type\":\"WebSite\",\"@id\":\"https:\/\/www.encontramacapa.com\/agenda\/#website\",\"url\":\"https:\/\/www.encontramacapa.com\/agenda\/\",\"name\":\"Encontra Macap\u00e1\",\"description\":\"Not\u00edcias, eventos, informa\u00e7\u00f5es e dicas na cidade Macap\u00e1 e regi\u00e3o.\",\"potentialAction\":[{\"@type\":\"SearchAction\",\"target\":{\"@type\":\"EntryPoint\",\"urlTemplate\":\"https:\/\/www.encontramacapa.com\/agenda\/?s={search_term_string}\"},\"query-input\":\"required name=search_term_string\"}],\"inLanguage\":\"pt-BR\"}]}<\/script>\n<!-- \/ Yoast SEO plugin. -->","yoast_head_json":{"title":"Fortaleza de S\u00e3o Jos\u00e9 de Macap\u00e1 - Encontra Macap\u00e1","robots":{"index":"index","follow":"follow","max-snippet":"max-snippet:-1","max-image-preview":"max-image-preview:large","max-video-preview":"max-video-preview:-1"},"canonical":"https:\/\/www.encontramacapa.com\/agenda\/fortaleza-de-sao-jose-de-macapa\/","og_locale":"pt_BR","og_type":"article","og_title":"Fortaleza de S\u00e3o Jos\u00e9 de Macap\u00e1 - Encontra Macap\u00e1","og_description":"A Fortaleza de S\u00e3o Jos\u00e9 de Macap\u00e1 se localiza a esquerda do rio Amazonas, pr\u00f3xima a antiga Prov\u00edncia dos Tucujus, atual cidade de Macap\u00e1, no estado do Amap\u00e1, no Brasil. Testemunha do vasto projeto de defesa da Amaz\u00f4nia desenvolvido pelo Marqu\u00eas de Pombal, as suas dimens\u00f5es s\u00e3o compar\u00e1veis \u00e0s do Real Forte Pr\u00edncipe da Beira. Para suceder os redutos de 1738 (Reduto do Macap\u00e1) e de 1761 (Forte do Macap\u00e1), e dar solu\u00e7\u00e3o definitiva \u00e0 fortifica\u00e7\u00e3o da barra norte do rio Amazonas, o Governador e Capit\u00e3o-general do Estado do Gr\u00e3o-Par\u00e1 e Maranh\u00e3o, Fernando da Costa de Ata\u00edde Teive, dirigiu-se \u00e0","og_url":"https:\/\/www.encontramacapa.com\/agenda\/fortaleza-de-sao-jose-de-macapa\/","og_site_name":"Encontra Macap\u00e1","article_modified_time":"2019-05-22T19:13:00+00:00","twitter_card":"summary_large_image","twitter_misc":{"Est. reading time":"6 minutos"},"schema":{"@context":"https:\/\/schema.org","@graph":[{"@type":"WebPage","@id":"https:\/\/www.encontramacapa.com\/agenda\/fortaleza-de-sao-jose-de-macapa\/","url":"https:\/\/www.encontramacapa.com\/agenda\/fortaleza-de-sao-jose-de-macapa\/","name":"Fortaleza de S\u00e3o Jos\u00e9 de Macap\u00e1 - Encontra Macap\u00e1","isPartOf":{"@id":"https:\/\/www.encontramacapa.com\/agenda\/#website"},"datePublished":"2019-05-22T19:10:52+00:00","dateModified":"2019-05-22T19:13:00+00:00","inLanguage":"pt-BR","potentialAction":[{"@type":"ReadAction","target":["https:\/\/www.encontramacapa.com\/agenda\/fortaleza-de-sao-jose-de-macapa\/"]}]},{"@type":"WebSite","@id":"https:\/\/www.encontramacapa.com\/agenda\/#website","url":"https:\/\/www.encontramacapa.com\/agenda\/","name":"Encontra Macap\u00e1","description":"Not\u00edcias, eventos, informa\u00e7\u00f5es e dicas na cidade Macap\u00e1 e regi\u00e3o.","potentialAction":[{"@type":"SearchAction","target":{"@type":"EntryPoint","urlTemplate":"https:\/\/www.encontramacapa.com\/agenda\/?s={search_term_string}"},"query-input":"required name=search_term_string"}],"inLanguage":"pt-BR"}]}},"_links":{"self":[{"href":"https:\/\/www.encontramacapa.com\/agenda\/wp-json\/wp\/v2\/pages\/68"}],"collection":[{"href":"https:\/\/www.encontramacapa.com\/agenda\/wp-json\/wp\/v2\/pages"}],"about":[{"href":"https:\/\/www.encontramacapa.com\/agenda\/wp-json\/wp\/v2\/types\/page"}],"author":[{"embeddable":true,"href":"https:\/\/www.encontramacapa.com\/agenda\/wp-json\/wp\/v2\/users\/1"}],"replies":[{"embeddable":true,"href":"https:\/\/www.encontramacapa.com\/agenda\/wp-json\/wp\/v2\/comments?post=68"}],"version-history":[{"count":0,"href":"https:\/\/www.encontramacapa.com\/agenda\/wp-json\/wp\/v2\/pages\/68\/revisions"}],"wp:attachment":[{"href":"https:\/\/www.encontramacapa.com\/agenda\/wp-json\/wp\/v2\/media?parent=68"}],"curies":[{"name":"wp","href":"https:\/\/api.w.org\/{rel}","templated":true}]}}